{"id":161,"date":"2015-07-06T11:22:52","date_gmt":"2015-07-06T11:22:52","guid":{"rendered":"http:\/\/localhost:82\/dev\/Traquinas\/?page_id=161"},"modified":"2024-03-05T09:41:05","modified_gmt":"2024-03-05T09:41:05","slug":"apoiosparceiros","status":"publish","type":"page","link":"https:\/\/planetadostraquinas.pt\/site\/apoiosparceiros\/","title":{"rendered":"Apoios \/ Parceiros"},"content":{"rendered":"<p>Por ser importante, o Planeta dos Traquinas procura desenvolver parcerias com entidades que podem tornar a vida dos pais e das crian\u00e7as um pouco mais f\u00e1cil.<\/p>\n<p>Nesse sentido, desenvolvemos parcerias importantes com algumas entidades, e estamos constantemente a procurar alargar o leque de apoios.<\/p>\n<p style=\"text-align: center;\"><a href=\"\/site\/apoiosparceiros\/ticket-infancia\/\"><img loading=\"lazy\" decoding=\"async\" class=\"aligncenter wp-image-340 size-full\" src=\"http:\/\/planetadostraquinas.pt\/site\/wp-content\/uploads\/2015\/07\/ticket-infancia-digital-home.jpg\" alt=\"ticket-infancia-digital-home\" width=\"117\" height=\"54\" \/><\/a><a href=\"http:\/\/planetadostraquinas.pt\/site\/apoiosparceiros\/ticket-infancia\/\"><br \/><\/a>\u00a0O planeta dos traquinas tem agora protocolo com a EDENRED.<br \/>O <strong>Cheque Creche<\/strong> \u00e9 um t\u00edtulo social de apoio \u00e0 inf\u00e2ncia com vantagens fiscais e laborais.<br \/>Clique na imagem para saber mais.<\/p>\n<p style=\"text-align: center;\"><a href=\"http:\/\/www.chequecreche.pt\/inicio.aspx\" target=\"_blank\" rel=\"attachment noopener wp-att-415\"><img loading=\"lazy\" decoding=\"async\" class=\"alignnone wp-image-415 size-medium\" src=\"http:\/\/planetadostraquinas.pt\/site\/wp-content\/uploads\/2015\/07\/edenred-300x177.png\" width=\"300\" height=\"177\" srcset=\"https:\/\/planetadostraquinas.pt\/site\/wp-content\/uploads\/2015\/07\/edenred-300x177.png 300w, https:\/\/planetadostraquinas.pt\/site\/wp-content\/uploads\/2015\/07\/edenred.png 325w\" sizes=\"auto, (max-width: 300px) 100vw, 300px\" \/><\/a><\/p>\n<p><a href=\"https:\/\/planetadostraquinas.pt\/site\/apoiosparceiros\/creche_feliz\/\" rel=\"attachment wp-att-460\"><img loading=\"lazy\" decoding=\"async\" class=\"aligncenter wp-image-460 size-large\" src=\"https:\/\/planetadostraquinas.pt\/site\/wp-content\/uploads\/2024\/03\/creche_feliz-1024x283.png\" alt=\"\" width=\"1024\" height=\"283\" srcset=\"https:\/\/planetadostraquinas.pt\/site\/wp-content\/uploads\/2024\/03\/creche_feliz-1024x283.png 1024w, https:\/\/planetadostraquinas.pt\/site\/wp-content\/uploads\/2024\/03\/creche_feliz-300x83.png 300w, https:\/\/planetadostraquinas.pt\/site\/wp-content\/uploads\/2024\/03\/creche_feliz-768x212.png 768w, https:\/\/planetadostraquinas.pt\/site\/wp-content\/uploads\/2024\/03\/creche_feliz.png 1447w\" sizes=\"auto, (max-width: 1024px) 100vw, 1024px\" \/><\/a><\/p>\n\n\n<p><br><br><br><\/p>\n","protected":false},"excerpt":{"rendered":"<p>Por ser importante, o Planeta dos Traquinas procura desenvolver parcerias com entidades que podem tornar a vida dos pais e das crian\u00e7as um pouco mais f\u00e1cil. Nesse sentido, desenvolvemos parcerias importantes com algumas entidades, e estamos constantemente a procurar alargar o leque de apoios. \u00a0O planeta dos traquinas tem agora protocolo com a EDENRED.O Cheque Creche \u00e9 um t\u00edtulo social [&hellip;]<\/p>\n","protected":false},"author":1,"featured_media":0,"parent":0,"menu_order":0,"comment_status":"open","ping_status":"open","template":"","meta":{"_acf_changed":false,"footnotes":""},"class_list":["post-161","page","type-page","status-publish","hentry"],"acf":[],"_links":{"self":[{"href":"https:\/\/planetadostraquinas.pt\/site\/wp-json\/wp\/v2\/pages\/161","targetHints":{"allow":["GET"]}}],"collection":[{"href":"https:\/\/planetadostraquinas.pt\/site\/wp-json\/wp\/v2\/pages"}],"about":[{"href":"https:\/\/planetadostraquinas.pt\/site\/wp-json\/wp\/v2\/types\/page"}],"author":[{"embeddable":true,"href":"https:\/\/planetadostraquinas.pt\/site\/wp-json\/wp\/v2\/users\/1"}],"replies":[{"embeddable":true,"href":"https:\/\/planetadostraquinas.pt\/site\/wp-json\/wp\/v2\/comments?post=161"}],"version-history":[{"count":36,"href":"https:\/\/planetadostraquinas.pt\/site\/wp-json\/wp\/v2\/pages\/161\/revisions"}],"predecessor-version":[{"id":464,"href":"https:\/\/planetadostraquinas.pt\/site\/wp-json\/wp\/v2\/pages\/161\/revisions\/464"}],"wp:attachment":[{"href":"https:\/\/planetadostraquinas.pt\/site\/wp-json\/wp\/v2\/media?parent=161"}],"curies":[{"name":"wp","href":"https:\/\/api.w.org\/{rel}","templated":true}]}}